{"id":16270,"date":"2020-04-22T14:06:21","date_gmt":"2020-04-22T12:06:21","guid":{"rendered":"https:\/\/burggartenpalais.de\/?page_id=16270"},"modified":"2025-03-25T13:36:53","modified_gmt":"2025-03-25T12:36:53","slug":"hotel","status":"publish","type":"page","link":"https:\/\/www.burggartenpalais.de\/en\/hotel\/","title":{"rendered":"Hotel"},"content":{"rendered":"<div data-elementor-type=\"wp-page\" data-elementor-id=\"16270\" class=\"elementor elementor-16270\" data-elementor-post-type=\"page\">\n\t\t\t\t\t\t<section class=\"elementor-section elementor-top-section elementor-element elementor-element-60420dad elementor-section-full_width elementor-section-height-default elementor-section-height-default\" data-id=\"60420dad\" data-element_type=\"section\" data-e-type=\"section\">\n\t\t\t\t\t\t<div class=\"elementor-container elementor-column-gap-default\">\n\t\t\t\t\t<div class=\"elementor-column elementor-col-100 elementor-top-column elementor-element elementor-element-8596d2\" data-id=\"8596d2\" data-element_type=\"column\" data-e-type=\"column\">\n\t\t\t<div class=\"elementor-widget-wrap elementor-element-populated\">\n\t\t\t\t\t\t<div class=\"elementor-element elementor-element-208e84c7 elementor--h-position-center elementor--v-position-middle elementor-arrows-position-inside elementor-pagination-position-inside elementor-widget elementor-widget-slides\" data-id=\"208e84c7\" data-element_type=\"widget\" data-e-type=\"widget\" data-settings=\"{&quot;transition&quot;:&quot;fade&quot;,&quot;transition_speed&quot;:4000,&quot;navigation&quot;:&quot;both&quot;,&quot;autoplay&quot;:&quot;yes&quot;,&quot;autoplay_speed&quot;:5000,&quot;infinite&quot;:&quot;yes&quot;}\" data-widget_type=\"slides.default\">\n\t\t\t\t<div class=\"elementor-widget-container\">\n\t\t\t\t\t\t\t\t\t<div class=\"elementor-swiper\">\n\t\t\t\t\t<div class=\"elementor-slides-wrapper elementor-main-swiper swiper\" role=\"region\" aria-roledescription=\"carousel\" aria-label=\"Slider\" dir=\"ltr\" data-animation=\"fadeInUp\">\n\t\t\t\t<div class=\"swiper-wrapper elementor-slides\">\n\t\t\t\t\t\t\t\t\t\t<div class=\"elementor-repeater-item-bc4d12a swiper-slide\" role=\"group\" aria-roledescription=\"slide\"><div class=\"swiper-slide-bg\" role=\"img\" aria-label=\"zimmer_ornament\"><\/div><div class=\"swiper-slide-inner\" ><div class=\"swiper-slide-contents\"><\/div><\/div><\/div><div class=\"elementor-repeater-item-3b94349 swiper-slide\" role=\"group\" aria-roledescription=\"slide\"><div class=\"swiper-slide-bg\" role=\"img\" aria-label=\"zimmer3\"><\/div><div class=\"swiper-slide-inner\" ><div class=\"swiper-slide-contents\"><\/div><\/div><\/div><div class=\"elementor-repeater-item-380c9cc swiper-slide\" role=\"group\" aria-roledescription=\"slide\"><div class=\"swiper-slide-bg\" role=\"img\" aria-label=\"zimmer7\"><\/div><div class=\"swiper-slide-inner\" ><div class=\"swiper-slide-contents\"><\/div><\/div><\/div><div class=\"elementor-repeater-item-e2135c6 swiper-slide\" role=\"group\" aria-roledescription=\"slide\"><div class=\"swiper-slide-bg\" role=\"img\" aria-label=\"zimmer8\"><\/div><div class=\"swiper-slide-inner\" ><div class=\"swiper-slide-contents\"><\/div><\/div><\/div><div class=\"elementor-repeater-item-cb9604f swiper-slide\" role=\"group\" aria-roledescription=\"slide\"><div class=\"swiper-slide-bg\" role=\"img\" aria-label=\"G\u00e4stezimmer mit Winzersekt\"><\/div><div class=\"swiper-slide-inner\" ><div class=\"swiper-slide-contents\"><\/div><\/div><\/div><div class=\"elementor-repeater-item-dd1e8cf swiper-slide\" role=\"group\" aria-roledescription=\"slide\"><div class=\"swiper-slide-bg\" role=\"img\" aria-label=\"_12A8453-2\"><\/div><div class=\"swiper-slide-inner\" ><div class=\"swiper-slide-contents\"><\/div><\/div><\/div><div class=\"elementor-repeater-item-f4d3838 swiper-slide\" role=\"group\" aria-roledescription=\"slide\"><div class=\"swiper-slide-bg\" role=\"img\" aria-label=\"_12A8462\"><\/div><div class=\"swiper-slide-inner\" ><div class=\"swiper-slide-contents\"><\/div><\/div><\/div><div class=\"elementor-repeater-item-bb5b42b swiper-slide\" role=\"group\" aria-roledescription=\"slide\"><div class=\"swiper-slide-bg\" role=\"img\" aria-label=\"Zimmer 22 mit Kronleuchter\"><\/div><div class=\"swiper-slide-inner\" ><div class=\"swiper-slide-contents\"><\/div><\/div><\/div><div class=\"elementor-repeater-item-fcab54f swiper-slide\" role=\"group\" aria-roledescription=\"slide\"><div class=\"swiper-slide-bg\" role=\"img\" aria-label=\"zimmer23-2\"><\/div><div class=\"swiper-slide-inner\" ><div class=\"swiper-slide-contents\"><\/div><\/div><\/div>\t\t\t\t<\/div>\n\t\t\t\t\t\t\t\t\t\t\t\t\t\t\t<div class=\"elementor-swiper-button elementor-swiper-button-prev\" role=\"button\" tabindex=\"0\" aria-label=\"Vorheriger Slide\">\n\t\t\t\t\t\t\t<i aria-hidden=\"true\" class=\"eicon-chevron-left\"><\/i>\t\t\t\t\t\t<\/div>\n\t\t\t\t\t\t<div class=\"elementor-swiper-button elementor-swiper-button-next\" role=\"button\" tabindex=\"0\" aria-label=\"N\u00e4chster Slide\">\n\t\t\t\t\t\t\t<i aria-hidden=\"true\" class=\"eicon-chevron-right\"><\/i>\t\t\t\t\t\t<\/div>\n\t\t\t\t\t\t\t\t\t\t\t\t\t\t\t\t<div class=\"swiper-pagination\"><\/div>\n\t\t\t\t\t\t\t\t\t\t\t\t<\/div>\n\t\t\t\t<\/div>\n\t\t\t\t\t\t\t\t<\/div>\n\t\t\t\t<\/div>\n\t\t\t\t\t<\/div>\n\t\t<\/div>\n\t\t\t\t\t<\/div>\n\t\t<\/section>\n\t\t\t\t<section class=\"elementor-section elementor-top-section elementor-element elementor-element-64dc92c elementor-section-full_width animated-slow elementor-section-height-default elementor-section-height-default elementor-invisible\" data-id=\"64dc92c\" data-element_type=\"section\" data-e-type=\"section\" data-settings=\"{&quot;background_background&quot;:&quot;classic&quot;,&quot;animation&quot;:&quot;zoomIn&quot;}\">\n\t\t\t\t\t\t<div class=\"elementor-container elementor-column-gap-default\">\n\t\t\t\t\t<div class=\"elementor-column elementor-col-100 elementor-top-column elementor-element elementor-element-1db95fc7\" data-id=\"1db95fc7\" data-element_type=\"column\" data-e-type=\"column\">\n\t\t\t<div class=\"elementor-widget-wrap elementor-element-populated\">\n\t\t\t\t\t\t<div class=\"elementor-element elementor-element-37be9a23 elementor-widget elementor-widget-text-editor\" data-id=\"37be9a23\" data-element_type=\"widget\" data-e-type=\"widget\" data-widget_type=\"text-editor.default\">\n\t\t\t\t<div class=\"elementor-widget-container\">\n\t\t\t\t\t\t\t\t\t<p style=\"text-align: center;\">The charming way to live<\/p>\t\t\t\t\t\t\t\t<\/div>\n\t\t\t\t<\/div>\n\t\t\t\t\t<\/div>\n\t\t<\/div>\n\t\t\t\t\t<\/div>\n\t\t<\/section>\n\t\t\t\t<section class=\"elementor-section elementor-top-section elementor-element elementor-element-1b220adb elementor-section-boxed elementor-section-height-default elementor-section-height-default\" data-id=\"1b220adb\" data-element_type=\"section\" data-e-type=\"section\">\n\t\t\t\t\t\t<div class=\"elementor-container elementor-column-gap-default\">\n\t\t\t\t\t<div class=\"elementor-column elementor-col-100 elementor-top-column elementor-element elementor-element-5861807f\" data-id=\"5861807f\" data-element_type=\"column\" data-e-type=\"column\">\n\t\t\t<div class=\"elementor-widget-wrap elementor-element-populated\">\n\t\t\t\t\t\t<div class=\"elementor-element elementor-element-4b4d01cd elementor-widget elementor-widget-text-editor\" data-id=\"4b4d01cd\" data-element_type=\"widget\" data-e-type=\"widget\" data-widget_type=\"text-editor.default\">\n\t\t\t\t<div class=\"elementor-widget-container\">\n\t\t\t\t\t\t\t\t\t<h1 style=\"text-align: center;\">Baroque meets spirit of the times<\/h1><p style=\"text-align: center;\">Simple elegance and soothing comfort contribute to the feel-good ambience of our hotel, as do pleasant colors. Each of our 14 rooms is individually and stylishly furnished and exudes a unique romantic flair.<\/p><h2 style=\"text-align: center;\">Facilities and breakfast<\/h2><p style=\"text-align: center;\">The rooms in the <strong>Hotel BurgGartenpalais<\/strong> have free Wi-Fi, telephone, minibar, tea kettle, flat-screen TV and private bathroom with shower. All air-conditioned rooms are easily accessible by elevator. The parking lot is located directly at the hotel.<\/p><p style=\"text-align: center;\">Strengthen yourself in the morning at the breakfast buffet in the Bezoldstube, because after a relaxing night there is nothing better than an extensive and varied breakfast.<\/p>\t\t\t\t\t\t\t\t<\/div>\n\t\t\t\t<\/div>\n\t\t\t\t\t<\/div>\n\t\t<\/div>\n\t\t\t\t\t<\/div>\n\t\t<\/section>\n\t\t\t\t<section class=\"elementor-section elementor-top-section elementor-element elementor-element-189586 elementor-section-boxed elementor-section-height-default elementor-section-height-default\" data-id=\"189586\" data-element_type=\"section\" data-e-type=\"section\">\n\t\t\t\t\t\t<div class=\"elementor-container elementor-column-gap-default\">\n\t\t\t\t\t<div class=\"elementor-column elementor-col-100 elementor-top-column elementor-element elementor-element-44b4a1e4\" data-id=\"44b4a1e4\" data-element_type=\"column\" data-e-type=\"column\">\n\t\t\t<div class=\"elementor-widget-wrap elementor-element-populated\">\n\t\t\t\t\t\t<div class=\"elementor-element elementor-element-1191ef0c elementor-widget elementor-widget-accordion\" data-id=\"1191ef0c\" data-element_type=\"widget\" data-e-type=\"widget\" data-widget_type=\"accordion.default\">\n\t\t\t\t<div class=\"elementor-widget-container\">\n\t\t\t\t\t\t\t<div class=\"elementor-accordion\">\n\t\t\t\t\t\t\t<div class=\"elementor-accordion-item\">\n\t\t\t\t\t<div id=\"elementor-tab-title-2941\" class=\"elementor-tab-title\" data-tab=\"1\" role=\"button\" aria-controls=\"elementor-tab-content-2941\" aria-expanded=\"false\">\n\t\t\t\t\t\t\t\t\t\t\t\t\t<span class=\"elementor-accordion-icon elementor-accordion-icon-left\" aria-hidden=\"true\">\n\t\t\t\t\t\t\t\t\t\t\t\t\t\t\t<span class=\"elementor-accordion-icon-closed\"><i class=\"fas fa-chevron-down\"><\/i><\/span>\n\t\t\t\t\t\t\t\t<span class=\"elementor-accordion-icon-opened\"><i class=\"fas fa-minus\"><\/i><\/span>\n\t\t\t\t\t\t\t\t\t\t\t\t\t\t<\/span>\n\t\t\t\t\t\t\t\t\t\t\t\t<a class=\"elementor-accordion-title\" tabindex=\"0\"><\/a>\n\t\t\t\t\t<\/div>\n\t\t\t\t\t<div id=\"elementor-tab-content-2941\" class=\"elementor-tab-content elementor-clearfix\" data-tab=\"1\" role=\"region\" aria-labelledby=\"elementor-tab-title-2941\"><\/div>\n\t\t\t\t<\/div>\n\t\t\t\t\t\t\t<div class=\"elementor-accordion-item\">\n\t\t\t\t\t<div id=\"elementor-tab-title-2942\" class=\"elementor-tab-title\" data-tab=\"2\" role=\"button\" aria-controls=\"elementor-tab-content-2942\" aria-expanded=\"false\">\n\t\t\t\t\t\t\t\t\t\t\t\t\t<span class=\"elementor-accordion-icon elementor-accordion-icon-left\" aria-hidden=\"true\">\n\t\t\t\t\t\t\t\t\t\t\t\t\t\t\t<span class=\"elementor-accordion-icon-closed\"><i class=\"fas fa-chevron-down\"><\/i><\/span>\n\t\t\t\t\t\t\t\t<span class=\"elementor-accordion-icon-opened\"><i class=\"fas fa-minus\"><\/i><\/span>\n\t\t\t\t\t\t\t\t\t\t\t\t\t\t<\/span>\n\t\t\t\t\t\t\t\t\t\t\t\t<a class=\"elementor-accordion-title\" tabindex=\"0\">Price list<\/a>\n\t\t\t\t\t<\/div>\n\t\t\t\t\t<div id=\"elementor-tab-content-2942\" class=\"elementor-tab-content elementor-clearfix\" data-tab=\"2\" role=\"region\" aria-labelledby=\"elementor-tab-title-2942\"><table style=\"border-collapse: collapse; width: 100%; height: 161px;\">\n<tbody>\n<tr style=\"height: 24px;\">\n<td style=\"width: 35.5098%; height: 24px; text-align: left;\"><strong>Single room<\/strong><\/td>\n<td style=\"width: 2.3936%; text-align: left;\"><span style=\"font-size: 10pt;\">from<\/span><\/td>\n<td style=\"width: 26.1578%; height: 24px; text-align: left;\">&nbsp;85,- \u20ac<\/td>\n<td style=\"width: 35.9388%; height: 24px;\">&nbsp;<\/td>\n<\/tr>\n<tr style=\"height: 17px;\">\n<td style=\"width: 35.5098%; height: 17px; text-align: left;\"><strong>Double room<\/strong><\/td>\n<td style=\"width: 2.3936%; text-align: left;\"><span style=\"font-size: 10pt;\">from<\/span><\/td>\n<td style=\"width: 26.1578%; height: 17px; text-align: left;\">&nbsp;110,- \u20ac <span style=\"font-size: 10pt;\">bis<\/span> 205,- \u20ac<\/td>\n<td style=\"width: 35.9388%; height: 17px;\">&nbsp;<\/td>\n<\/tr>\n<tr style=\"height: 17px;\">\n<td style=\"width: 35.5098%; height: 17px; text-align: left;\"><strong>Apartment<\/strong><\/td>\n<td style=\"width: 2.3936%; text-align: left;\"><span style=\"font-size: 10pt;\">from<\/span><\/td>\n<td style=\"width: 26.1578%; height: 17px; text-align: left;\">&nbsp;215,- \u20ac<\/td>\n<td style=\"width: 35.9388%; height: 24px; text-align: left;\">for 4 people<\/td>\n<\/tr>\n<tr style=\"height: 24px;\">\n<td style=\"width: 35.5098%; height: 24px; text-align: left;\">&nbsp;<\/td>\n<td style=\"width: 2.3936%; text-align: left;\">&nbsp;<\/td>\n<td style=\"width: 26.1578%; height: 24px; text-align: left;\">&nbsp;30,- \u20ac<\/td>\n<td style=\"width: 35.9388%; height: 24px; text-align: left;\">for each additional person<\/td>\n<\/tr>\n<tr style=\"height: 24px;\">\n<td style=\"width: 35.5098%; height: 24px; text-align: left;\">&nbsp;<\/td>\n<td style=\"width: 2.3936%; text-align: left;\">&nbsp;<\/td>\n<td style=\"width: 26.1578%; height: 24px; text-align: left;\">&nbsp;<\/td>\n<td style=\"width: 35.9388%; height: 24px;\">&nbsp;<\/td>\n<\/tr>\n<tr style=\"height: 24px;\">\n<td style=\"width: 35.5098%; height: 24px; text-align: left;\"><strong>Parking<\/strong><\/td>\n<td style=\"width: 2.3936%; text-align: left;\"><strong>&nbsp;<\/strong><\/td>\n<td style=\"width: 26.1578%; height: 24px; text-align: left;\">15 \u20ac<\/td>\n<td style=\"width: 35.9388%; height: 24px;\">&nbsp;<\/td>\n<\/tr>\n<tr style=\"height: 24px;\">\n<td style=\"width: 35.5098%; height: 24px; text-align: left;\"><strong>Garage<\/strong><\/td>\n<td style=\"width: 2.3936%; text-align: left;\"><strong>&nbsp;<\/strong><\/td>\n<td style=\"width: 26.1578%; height: 24px; text-align: left;\">15,- \u20ac<\/td>\n<td style=\"width: 35.9388%; height: 24px;\">&nbsp;<\/td>\n<\/tr>\n<\/tbody>\n<\/table>\n<p>All prices include breakfast.<\/p>\n<p>We will be happy to advise you by telephone.<\/p>\n<p><strong>Phone 09861 - 874743-0<\/strong><\/p><\/div>\n\t\t\t\t<\/div>\n\t\t\t\t\t\t\t\t<\/div>\n\t\t\t\t\t\t<\/div>\n\t\t\t\t<\/div>\n\t\t\t\t\t<\/div>\n\t\t<\/div>\n\t\t\t\t\t<\/div>\n\t\t<\/section>\n\t\t\t\t<section class=\"elementor-section elementor-top-section elementor-element elementor-element-a6c9105 elementor-section-boxed elementor-section-height-default elementor-section-height-default\" data-id=\"a6c9105\" data-element_type=\"section\" data-e-type=\"section\">\n\t\t\t\t\t\t<div class=\"elementor-container elementor-column-gap-default\">\n\t\t\t\t\t<div class=\"elementor-column elementor-col-100 elementor-top-column elementor-element elementor-element-820eda2\" data-id=\"820eda2\" data-element_type=\"column\" data-e-type=\"column\">\n\t\t\t<div class=\"elementor-widget-wrap elementor-element-populated\">\n\t\t\t\t\t\t<div class=\"elementor-element elementor-element-68afa69 elementor-widget elementor-widget-text-editor\" data-id=\"68afa69\" data-element_type=\"widget\" data-e-type=\"widget\" data-widget_type=\"text-editor.default\">\n\t\t\t\t<div class=\"elementor-widget-container\">\n\t\t\t\t\t\t\t\t\t<p style=\"text-align: center;\"><a href=\"https:\/\/www.burggartenpalais.de\/en\/hotelzimmer\/\"><strong>Back to the room overview<\/strong><\/a><\/p>\t\t\t\t\t\t\t\t<\/div>\n\t\t\t\t<\/div>\n\t\t\t\t\t<\/div>\n\t\t<\/div>\n\t\t\t\t\t<\/div>\n\t\t<\/section>\n\t\t\t\t<\/div>","protected":false},"excerpt":{"rendered":"<p>Das charmante Art zu wohnen Barock trifft Zeitgeist Schlichte Eleganz und wohltuender Komfort tragen ebenso wie angenehmen Farben zum Wohlf\u00fchl-Ambiente unseres Hotels bei. Jedes unserer 14 Zimmer ist individuell und stilvoll eingerichtet und verspr\u00fcht ein einzigartiges romantisches Flair. Ausstattung und Fr\u00fchst\u00fcck Die Zimmer im Hotel BurgGartenpalais verf\u00fcgen \u00fcber kostenfreies W-LAN, Telefon, Minibar, Tee- Wasserkocher sowie [&hellip;]<\/p>\n","protected":false},"author":2,"featured_media":0,"parent":0,"menu_order":0,"comment_status":"open","ping_status":"closed","template":"elementor_header_footer","meta":{"footnotes":""},"class_list":["post-16270","page","type-page","status-publish","hentry"],"yoast_head":"<!-- This site is optimized with the Yoast SEO plugin v27.6 - https:\/\/yoast.com\/product\/yoast-seo-wordpress\/ -->\n<title>Hotel - Hotel Burggartenpalais<\/title>\n<meta name=\"robots\" content=\"index, follow, max-snippet:-1, max-image-preview:large, max-video-preview:-1\" \/>\n<link rel=\"canonical\" href=\"https:\/\/www.burggartenpalais.de\/en\/hotel\/\" \/>\n<meta property=\"og:locale\" content=\"en_GB\" \/>\n<meta property=\"og:type\" content=\"article\" \/>\n<meta property=\"og:title\" content=\"Hotel - Hotel Burggartenpalais\" \/>\n<meta property=\"og:description\" content=\"Das charmante Art zu wohnen Barock trifft Zeitgeist Schlichte Eleganz und wohltuender Komfort tragen ebenso wie angenehmen Farben zum Wohlf\u00fchl-Ambiente unseres Hotels bei. Jedes unserer 14 Zimmer ist individuell und stilvoll eingerichtet und verspr\u00fcht ein einzigartiges romantisches Flair. Ausstattung und Fr\u00fchst\u00fcck Die Zimmer im Hotel BurgGartenpalais verf\u00fcgen \u00fcber kostenfreies W-LAN, Telefon, Minibar, Tee- Wasserkocher sowie [&hellip;]\" \/>\n<meta property=\"og:url\" content=\"https:\/\/www.burggartenpalais.de\/en\/hotel\/\" \/>\n<meta property=\"og:site_name\" content=\"Hotel Burggartenpalais\" \/>\n<meta property=\"article:modified_time\" content=\"2025-03-25T12:36:53+00:00\" \/>\n<meta name=\"twitter:card\" content=\"summary_large_image\" \/>\n<meta name=\"twitter:label1\" content=\"Estimated reading time\" \/>\n\t<meta name=\"twitter:data1\" content=\"1 minute\" \/>\n<script type=\"application\/ld+json\" class=\"yoast-schema-graph\">{\"@context\":\"https:\\\/\\\/schema.org\",\"@graph\":[{\"@type\":\"WebPage\",\"@id\":\"https:\\\/\\\/www.burggartenpalais.de\\\/hotel\\\/\",\"url\":\"https:\\\/\\\/www.burggartenpalais.de\\\/hotel\\\/\",\"name\":\"Hotel - Hotel Burggartenpalais\",\"isPartOf\":{\"@id\":\"https:\\\/\\\/www.burggartenpalais.de\\\/#website\"},\"datePublished\":\"2020-04-22T12:06:21+00:00\",\"dateModified\":\"2025-03-25T12:36:53+00:00\",\"breadcrumb\":{\"@id\":\"https:\\\/\\\/www.burggartenpalais.de\\\/hotel\\\/#breadcrumb\"},\"inLanguage\":\"en-GB\",\"potentialAction\":[{\"@type\":\"ReadAction\",\"target\":[\"https:\\\/\\\/www.burggartenpalais.de\\\/hotel\\\/\"]}]},{\"@type\":\"BreadcrumbList\",\"@id\":\"https:\\\/\\\/www.burggartenpalais.de\\\/hotel\\\/#breadcrumb\",\"itemListElement\":[{\"@type\":\"ListItem\",\"position\":1,\"name\":\"Startseite\",\"item\":\"https:\\\/\\\/www.burggartenpalais.de\\\/\"},{\"@type\":\"ListItem\",\"position\":2,\"name\":\"Hotel\"}]},{\"@type\":\"WebSite\",\"@id\":\"https:\\\/\\\/www.burggartenpalais.de\\\/#website\",\"url\":\"https:\\\/\\\/www.burggartenpalais.de\\\/\",\"name\":\"Hotel Burggartenpalais\",\"description\":\"Das feine Hotel am Burggarten\",\"publisher\":{\"@id\":\"https:\\\/\\\/www.burggartenpalais.de\\\/#organization\"},\"potentialAction\":[{\"@type\":\"SearchAction\",\"target\":{\"@type\":\"EntryPoint\",\"urlTemplate\":\"https:\\\/\\\/www.burggartenpalais.de\\\/?s={search_term_string}\"},\"query-input\":{\"@type\":\"PropertyValueSpecification\",\"valueRequired\":true,\"valueName\":\"search_term_string\"}}],\"inLanguage\":\"en-GB\"},{\"@type\":\"Organization\",\"@id\":\"https:\\\/\\\/www.burggartenpalais.de\\\/#organization\",\"name\":\"Hotel Burggartenpalais\",\"url\":\"https:\\\/\\\/www.burggartenpalais.de\\\/\",\"logo\":{\"@type\":\"ImageObject\",\"inLanguage\":\"en-GB\",\"@id\":\"https:\\\/\\\/www.burggartenpalais.de\\\/#\\\/schema\\\/logo\\\/image\\\/\",\"url\":\"https:\\\/\\\/www.burggartenpalais.de\\\/wp-content\\\/uploads\\\/2020\\\/04\\\/burggartenpalais_logo.png\",\"contentUrl\":\"https:\\\/\\\/www.burggartenpalais.de\\\/wp-content\\\/uploads\\\/2020\\\/04\\\/burggartenpalais_logo.png\",\"width\":567,\"height\":168,\"caption\":\"Hotel Burggartenpalais\"},\"image\":{\"@id\":\"https:\\\/\\\/www.burggartenpalais.de\\\/#\\\/schema\\\/logo\\\/image\\\/\"}}]}<\/script>\n<!-- \/ Yoast SEO plugin. -->","yoast_head_json":{"title":"Hotel - Hotel Burggartenpalais","robots":{"index":"index","follow":"follow","max-snippet":"max-snippet:-1","max-image-preview":"max-image-preview:large","max-video-preview":"max-video-preview:-1"},"canonical":"https:\/\/www.burggartenpalais.de\/en\/hotel\/","og_locale":"en_GB","og_type":"article","og_title":"Hotel - Hotel Burggartenpalais","og_description":"Das charmante Art zu wohnen Barock trifft Zeitgeist Schlichte Eleganz und wohltuender Komfort tragen ebenso wie angenehmen Farben zum Wohlf\u00fchl-Ambiente unseres Hotels bei. Jedes unserer 14 Zimmer ist individuell und stilvoll eingerichtet und verspr\u00fcht ein einzigartiges romantisches Flair. Ausstattung und Fr\u00fchst\u00fcck Die Zimmer im Hotel BurgGartenpalais verf\u00fcgen \u00fcber kostenfreies W-LAN, Telefon, Minibar, Tee- Wasserkocher sowie [&hellip;]","og_url":"https:\/\/www.burggartenpalais.de\/en\/hotel\/","og_site_name":"Hotel Burggartenpalais","article_modified_time":"2025-03-25T12:36:53+00:00","twitter_card":"summary_large_image","twitter_misc":{"Estimated reading time":"1 minute"},"schema":{"@context":"https:\/\/schema.org","@graph":[{"@type":"WebPage","@id":"https:\/\/www.burggartenpalais.de\/hotel\/","url":"https:\/\/www.burggartenpalais.de\/hotel\/","name":"Hotel - Hotel Burggartenpalais","isPartOf":{"@id":"https:\/\/www.burggartenpalais.de\/#website"},"datePublished":"2020-04-22T12:06:21+00:00","dateModified":"2025-03-25T12:36:53+00:00","breadcrumb":{"@id":"https:\/\/www.burggartenpalais.de\/hotel\/#breadcrumb"},"inLanguage":"en-GB","potentialAction":[{"@type":"ReadAction","target":["https:\/\/www.burggartenpalais.de\/hotel\/"]}]},{"@type":"BreadcrumbList","@id":"https:\/\/www.burggartenpalais.de\/hotel\/#breadcrumb","itemListElement":[{"@type":"ListItem","position":1,"name":"Startseite","item":"https:\/\/www.burggartenpalais.de\/"},{"@type":"ListItem","position":2,"name":"Hotel"}]},{"@type":"WebSite","@id":"https:\/\/www.burggartenpalais.de\/#website","url":"https:\/\/www.burggartenpalais.de\/","name":"Hotel Burggartenpalais","description":"The fine hotel at the Burggarten","publisher":{"@id":"https:\/\/www.burggartenpalais.de\/#organization"},"potentialAction":[{"@type":"SearchAction","target":{"@type":"EntryPoint","urlTemplate":"https:\/\/www.burggartenpalais.de\/?s={search_term_string}"},"query-input":{"@type":"PropertyValueSpecification","valueRequired":true,"valueName":"search_term_string"}}],"inLanguage":"en-GB"},{"@type":"Organization","@id":"https:\/\/www.burggartenpalais.de\/#organization","name":"Hotel Burggartenpalais","url":"https:\/\/www.burggartenpalais.de\/","logo":{"@type":"ImageObject","inLanguage":"en-GB","@id":"https:\/\/www.burggartenpalais.de\/#\/schema\/logo\/image\/","url":"https:\/\/www.burggartenpalais.de\/wp-content\/uploads\/2020\/04\/burggartenpalais_logo.png","contentUrl":"https:\/\/www.burggartenpalais.de\/wp-content\/uploads\/2020\/04\/burggartenpalais_logo.png","width":567,"height":168,"caption":"Hotel Burggartenpalais"},"image":{"@id":"https:\/\/www.burggartenpalais.de\/#\/schema\/logo\/image\/"}}]}},"_links":{"self":[{"href":"https:\/\/www.burggartenpalais.de\/en\/wp-json\/wp\/v2\/pages\/16270","targetHints":{"allow":["GET"]}}],"collection":[{"href":"https:\/\/www.burggartenpalais.de\/en\/wp-json\/wp\/v2\/pages"}],"about":[{"href":"https:\/\/www.burggartenpalais.de\/en\/wp-json\/wp\/v2\/types\/page"}],"author":[{"embeddable":true,"href":"https:\/\/www.burggartenpalais.de\/en\/wp-json\/wp\/v2\/users\/2"}],"replies":[{"embeddable":true,"href":"https:\/\/www.burggartenpalais.de\/en\/wp-json\/wp\/v2\/comments?post=16270"}],"version-history":[{"count":93,"href":"https:\/\/www.burggartenpalais.de\/en\/wp-json\/wp\/v2\/pages\/16270\/revisions"}],"predecessor-version":[{"id":18990,"href":"https:\/\/www.burggartenpalais.de\/en\/wp-json\/wp\/v2\/pages\/16270\/revisions\/18990"}],"wp:attachment":[{"href":"https:\/\/www.burggartenpalais.de\/en\/wp-json\/wp\/v2\/media?parent=16270"}],"curies":[{"name":"wp","href":"https:\/\/api.w.org\/{rel}","templated":true}]}}