{"id":16457,"date":"2020-04-23T17:47:00","date_gmt":"2020-04-23T15:47:00","guid":{"rendered":"https:\/\/burggartenpalais.de\/?page_id=16457"},"modified":"2025-03-25T13:23:20","modified_gmt":"2025-03-25T12:23:20","slug":"impressum","status":"publish","type":"page","link":"https:\/\/www.burggartenpalais.de\/en\/impressum\/","title":{"rendered":"Imprint"},"content":{"rendered":"<div data-elementor-type=\"wp-page\" data-elementor-id=\"16457\" class=\"elementor elementor-16457\" data-elementor-post-type=\"page\">\n\t\t\t\t\t\t<section class=\"elementor-section elementor-top-section elementor-element elementor-element-7597554a elementor-section-boxed elementor-section-height-default elementor-section-height-default\" data-id=\"7597554a\" data-element_type=\"section\" data-e-type=\"section\">\n\t\t\t\t\t\t<div class=\"elementor-container elementor-column-gap-default\">\n\t\t\t\t\t<div class=\"elementor-column elementor-col-100 elementor-top-column elementor-element elementor-element-2dbda5ac\" data-id=\"2dbda5ac\" data-element_type=\"column\" data-e-type=\"column\">\n\t\t\t<div class=\"elementor-widget-wrap elementor-element-populated\">\n\t\t\t\t\t\t<div class=\"elementor-element elementor-element-329e0a1 elementor-widget elementor-widget-text-editor\" data-id=\"329e0a1\" data-element_type=\"widget\" data-e-type=\"widget\" data-widget_type=\"text-editor.default\">\n\t\t\t\t<div class=\"elementor-widget-container\">\n\t\t\t\t\t\t\t\t\t<h1>Imprint<\/h1><h2>Angaben gem\u00e4\u00df \u00a7 5 TMG<\/h2><p>Burggartenpalais GbR Hotel \u2013 Restaurant \u2013 Caf\u00e9 \u2013 Weinstube<br \/>Herrngasse 26<br \/>91541 Rothenburg ob der Tauber<\/p><p><strong>Represented by:<\/strong><br \/>Gabriele Berger-Klatte &amp; J\u00fcrgen Klatte<\/p><h2>Contact<\/h2><p>Phone 09861 - 874743-0<br \/>Fax: 09861 12 53<br \/>E-Mail: info@burggartenpalais.de<\/p><h2>VAT ID<\/h2><p>Umsatzsteuer-Identifikationsnummer gem\u00e4\u00df \u00a7 27 a Umsatzsteuergesetz:<br \/>DE 275789707<\/p><h2>Editorially responsible<\/h2><p>Gabriela Berger-Klatte &amp; J\u00fcrgen Klatte<\/p><h2>EU Dispute Resolution<\/h2><p>Die Europ\u00e4ische Kommission stellt eine Plattform zur Online-Streitbeilegung (OS) bereit: <a href=\"https:\/\/ec.europa.eu\/consumers\/odr\/\" target=\"_blank\" rel=\"noopener noreferrer\">https:\/\/ec.europa.eu\/consumers\/odr\/<\/a>.<br \/>You can find our e-mail address in the imprint above.<\/p><h2>Verbraucher\u00adstreit\u00adbeilegung\/Universal\u00adschlichtungs\u00adstelle<\/h2><p>Wir nehmen an einem Streitbeilegungsverfahren vor einer Verbraucherschlichtungsstelle teil. Zust\u00e4ndig ist die Universalschlichtungsstelle des Zentrums f\u00fcr Schlichtung e.V., Stra\u00dfburger Stra\u00dfe 8, 77694 Kehl am Rhein (<a href=\"https:\/\/www.verbraucher-schlichter.de\" target=\"_blank\" rel=\"noopener noreferrer\">https:\/\/www.verbraucher-schlichter.de<\/a>).<\/p>\t\t\t\t\t\t\t\t<\/div>\n\t\t\t\t<\/div>\n\t\t\t\t\t<\/div>\n\t\t<\/div>\n\t\t\t\t\t<\/div>\n\t\t<\/section>\n\t\t\t\t<\/div>","protected":false},"excerpt":{"rendered":"<p>Impressum Angaben gem\u00e4\u00df \u00a7 5 TMG Burggartenpalais GbR Hotel \u2013 Restaurant \u2013 Caf\u00e9 \u2013 WeinstubeHerrngasse 2691541 Rothenburg ob der Tauber Vertreten durch:Gabriele Berger-Klatte &amp; J\u00fcrgen Klatte Kontakt Telefon: 9861 &#8211; 874743-0Telefax: 09861 12 53E-Mail: info@burggartenpalais.de Umsatzsteuer-ID Umsatzsteuer-Identifikationsnummer gem\u00e4\u00df \u00a7 27 a Umsatzsteuergesetz:DE 275789707 Redaktionell verantwortlich Gabriela Berger-Klatte &amp; J\u00fcrgen Klatte EU-Streitschlichtung Die Europ\u00e4ische Kommission stellt [&hellip;]<\/p>\n","protected":false},"author":2,"featured_media":0,"parent":0,"menu_order":0,"comment_status":"open","ping_status":"closed","template":"elementor_header_footer","meta":{"footnotes":""},"class_list":["post-16457","page","type-page","status-publish","hentry"],"yoast_head":"<!-- This site is optimized with the Yoast SEO plugin v27.6 - https:\/\/yoast.com\/product\/yoast-seo-wordpress\/ -->\n<title>Impressum - Hotel Burggartenpalais<\/title>\n<meta name=\"robots\" content=\"index, follow, max-snippet:-1, max-image-preview:large, max-video-preview:-1\" \/>\n<link rel=\"canonical\" href=\"https:\/\/www.burggartenpalais.de\/en\/impressum\/\" \/>\n<meta property=\"og:locale\" content=\"en_GB\" \/>\n<meta property=\"og:type\" content=\"article\" \/>\n<meta property=\"og:title\" content=\"Impressum - Hotel Burggartenpalais\" \/>\n<meta property=\"og:description\" content=\"Impressum Angaben gem\u00e4\u00df \u00a7 5 TMG Burggartenpalais GbR Hotel \u2013 Restaurant \u2013 Caf\u00e9 \u2013 WeinstubeHerrngasse 2691541 Rothenburg ob der Tauber Vertreten durch:Gabriele Berger-Klatte &amp; J\u00fcrgen Klatte Kontakt Telefon: 9861 &#8211; 874743-0Telefax: 09861 12 53E-Mail: info@burggartenpalais.de Umsatzsteuer-ID Umsatzsteuer-Identifikationsnummer gem\u00e4\u00df \u00a7 27 a Umsatzsteuergesetz:DE 275789707 Redaktionell verantwortlich Gabriela Berger-Klatte &amp; J\u00fcrgen Klatte EU-Streitschlichtung Die Europ\u00e4ische Kommission stellt [&hellip;]\" \/>\n<meta property=\"og:url\" content=\"https:\/\/www.burggartenpalais.de\/en\/impressum\/\" \/>\n<meta property=\"og:site_name\" content=\"Hotel Burggartenpalais\" \/>\n<meta property=\"article:modified_time\" content=\"2025-03-25T12:23:20+00:00\" \/>\n<meta name=\"twitter:card\" content=\"summary_large_image\" \/>\n<meta name=\"twitter:label1\" content=\"Estimated reading time\" \/>\n\t<meta name=\"twitter:data1\" content=\"1 minute\" \/>\n<script type=\"application\/ld+json\" class=\"yoast-schema-graph\">{\"@context\":\"https:\\\/\\\/schema.org\",\"@graph\":[{\"@type\":\"WebPage\",\"@id\":\"https:\\\/\\\/www.burggartenpalais.de\\\/impressum\\\/\",\"url\":\"https:\\\/\\\/www.burggartenpalais.de\\\/impressum\\\/\",\"name\":\"Impressum - Hotel Burggartenpalais\",\"isPartOf\":{\"@id\":\"https:\\\/\\\/www.burggartenpalais.de\\\/#website\"},\"datePublished\":\"2020-04-23T15:47:00+00:00\",\"dateModified\":\"2025-03-25T12:23:20+00:00\",\"breadcrumb\":{\"@id\":\"https:\\\/\\\/www.burggartenpalais.de\\\/impressum\\\/#breadcrumb\"},\"inLanguage\":\"en-GB\",\"potentialAction\":[{\"@type\":\"ReadAction\",\"target\":[\"https:\\\/\\\/www.burggartenpalais.de\\\/impressum\\\/\"]}]},{\"@type\":\"BreadcrumbList\",\"@id\":\"https:\\\/\\\/www.burggartenpalais.de\\\/impressum\\\/#breadcrumb\",\"itemListElement\":[{\"@type\":\"ListItem\",\"position\":1,\"name\":\"Startseite\",\"item\":\"https:\\\/\\\/www.burggartenpalais.de\\\/\"},{\"@type\":\"ListItem\",\"position\":2,\"name\":\"Impressum\"}]},{\"@type\":\"WebSite\",\"@id\":\"https:\\\/\\\/www.burggartenpalais.de\\\/#website\",\"url\":\"https:\\\/\\\/www.burggartenpalais.de\\\/\",\"name\":\"Hotel Burggartenpalais\",\"description\":\"Das feine Hotel am Burggarten\",\"publisher\":{\"@id\":\"https:\\\/\\\/www.burggartenpalais.de\\\/#organization\"},\"potentialAction\":[{\"@type\":\"SearchAction\",\"target\":{\"@type\":\"EntryPoint\",\"urlTemplate\":\"https:\\\/\\\/www.burggartenpalais.de\\\/?s={search_term_string}\"},\"query-input\":{\"@type\":\"PropertyValueSpecification\",\"valueRequired\":true,\"valueName\":\"search_term_string\"}}],\"inLanguage\":\"en-GB\"},{\"@type\":\"Organization\",\"@id\":\"https:\\\/\\\/www.burggartenpalais.de\\\/#organization\",\"name\":\"Hotel Burggartenpalais\",\"url\":\"https:\\\/\\\/www.burggartenpalais.de\\\/\",\"logo\":{\"@type\":\"ImageObject\",\"inLanguage\":\"en-GB\",\"@id\":\"https:\\\/\\\/www.burggartenpalais.de\\\/#\\\/schema\\\/logo\\\/image\\\/\",\"url\":\"https:\\\/\\\/www.burggartenpalais.de\\\/wp-content\\\/uploads\\\/2020\\\/04\\\/burggartenpalais_logo.png\",\"contentUrl\":\"https:\\\/\\\/www.burggartenpalais.de\\\/wp-content\\\/uploads\\\/2020\\\/04\\\/burggartenpalais_logo.png\",\"width\":567,\"height\":168,\"caption\":\"Hotel Burggartenpalais\"},\"image\":{\"@id\":\"https:\\\/\\\/www.burggartenpalais.de\\\/#\\\/schema\\\/logo\\\/image\\\/\"}}]}<\/script>\n<!-- \/ Yoast SEO plugin. -->","yoast_head_json":{"title":"Impressum - Hotel Burggartenpalais","robots":{"index":"index","follow":"follow","max-snippet":"max-snippet:-1","max-image-preview":"max-image-preview:large","max-video-preview":"max-video-preview:-1"},"canonical":"https:\/\/www.burggartenpalais.de\/en\/impressum\/","og_locale":"en_GB","og_type":"article","og_title":"Impressum - Hotel Burggartenpalais","og_description":"Impressum Angaben gem\u00e4\u00df \u00a7 5 TMG Burggartenpalais GbR Hotel \u2013 Restaurant \u2013 Caf\u00e9 \u2013 WeinstubeHerrngasse 2691541 Rothenburg ob der Tauber Vertreten durch:Gabriele Berger-Klatte &amp; J\u00fcrgen Klatte Kontakt Telefon: 9861 &#8211; 874743-0Telefax: 09861 12 53E-Mail: info@burggartenpalais.de Umsatzsteuer-ID Umsatzsteuer-Identifikationsnummer gem\u00e4\u00df \u00a7 27 a Umsatzsteuergesetz:DE 275789707 Redaktionell verantwortlich Gabriela Berger-Klatte &amp; J\u00fcrgen Klatte EU-Streitschlichtung Die Europ\u00e4ische Kommission stellt [&hellip;]","og_url":"https:\/\/www.burggartenpalais.de\/en\/impressum\/","og_site_name":"Hotel Burggartenpalais","article_modified_time":"2025-03-25T12:23:20+00:00","twitter_card":"summary_large_image","twitter_misc":{"Estimated reading time":"1 minute"},"schema":{"@context":"https:\/\/schema.org","@graph":[{"@type":"WebPage","@id":"https:\/\/www.burggartenpalais.de\/impressum\/","url":"https:\/\/www.burggartenpalais.de\/impressum\/","name":"Impressum - Hotel Burggartenpalais","isPartOf":{"@id":"https:\/\/www.burggartenpalais.de\/#website"},"datePublished":"2020-04-23T15:47:00+00:00","dateModified":"2025-03-25T12:23:20+00:00","breadcrumb":{"@id":"https:\/\/www.burggartenpalais.de\/impressum\/#breadcrumb"},"inLanguage":"en-GB","potentialAction":[{"@type":"ReadAction","target":["https:\/\/www.burggartenpalais.de\/impressum\/"]}]},{"@type":"BreadcrumbList","@id":"https:\/\/www.burggartenpalais.de\/impressum\/#breadcrumb","itemListElement":[{"@type":"ListItem","position":1,"name":"Startseite","item":"https:\/\/www.burggartenpalais.de\/"},{"@type":"ListItem","position":2,"name":"Impressum"}]},{"@type":"WebSite","@id":"https:\/\/www.burggartenpalais.de\/#website","url":"https:\/\/www.burggartenpalais.de\/","name":"Hotel Burggartenpalais","description":"The fine hotel at the Burggarten","publisher":{"@id":"https:\/\/www.burggartenpalais.de\/#organization"},"potentialAction":[{"@type":"SearchAction","target":{"@type":"EntryPoint","urlTemplate":"https:\/\/www.burggartenpalais.de\/?s={search_term_string}"},"query-input":{"@type":"PropertyValueSpecification","valueRequired":true,"valueName":"search_term_string"}}],"inLanguage":"en-GB"},{"@type":"Organization","@id":"https:\/\/www.burggartenpalais.de\/#organization","name":"Hotel Burggartenpalais","url":"https:\/\/www.burggartenpalais.de\/","logo":{"@type":"ImageObject","inLanguage":"en-GB","@id":"https:\/\/www.burggartenpalais.de\/#\/schema\/logo\/image\/","url":"https:\/\/www.burggartenpalais.de\/wp-content\/uploads\/2020\/04\/burggartenpalais_logo.png","contentUrl":"https:\/\/www.burggartenpalais.de\/wp-content\/uploads\/2020\/04\/burggartenpalais_logo.png","width":567,"height":168,"caption":"Hotel Burggartenpalais"},"image":{"@id":"https:\/\/www.burggartenpalais.de\/#\/schema\/logo\/image\/"}}]}},"_links":{"self":[{"href":"https:\/\/www.burggartenpalais.de\/en\/wp-json\/wp\/v2\/pages\/16457","targetHints":{"allow":["GET"]}}],"collection":[{"href":"https:\/\/www.burggartenpalais.de\/en\/wp-json\/wp\/v2\/pages"}],"about":[{"href":"https:\/\/www.burggartenpalais.de\/en\/wp-json\/wp\/v2\/types\/page"}],"author":[{"embeddable":true,"href":"https:\/\/www.burggartenpalais.de\/en\/wp-json\/wp\/v2\/users\/2"}],"replies":[{"embeddable":true,"href":"https:\/\/www.burggartenpalais.de\/en\/wp-json\/wp\/v2\/comments?post=16457"}],"version-history":[{"count":18,"href":"https:\/\/www.burggartenpalais.de\/en\/wp-json\/wp\/v2\/pages\/16457\/revisions"}],"predecessor-version":[{"id":18987,"href":"https:\/\/www.burggartenpalais.de\/en\/wp-json\/wp\/v2\/pages\/16457\/revisions\/18987"}],"wp:attachment":[{"href":"https:\/\/www.burggartenpalais.de\/en\/wp-json\/wp\/v2\/media?parent=16457"}],"curies":[{"name":"wp","href":"https:\/\/api.w.org\/{rel}","templated":true}]}}