{"id":19027,"date":"2026-03-04T09:26:01","date_gmt":"2026-03-04T08:26:01","guid":{"rendered":"https:\/\/www.burggartenpalais.de\/accessibility-statement\/"},"modified":"2026-03-04T09:30:09","modified_gmt":"2026-03-04T08:30:09","slug":"accessibility-statement","status":"publish","type":"page","link":"https:\/\/www.burggartenpalais.de\/en\/accessibility-statement\/","title":{"rendered":"Erkl\u00e4rung zur Barrierefreiheit"},"content":{"rendered":"<div data-elementor-type=\"wp-page\" data-elementor-id=\"19027\" class=\"elementor elementor-19027\" data-elementor-post-type=\"page\">\n\t\t\t\t\t\t<section class=\"elementor-section elementor-top-section elementor-element elementor-element-10440cd3 elementor-section-boxed elementor-section-height-default elementor-section-height-default\" data-id=\"10440cd3\" data-element_type=\"section\" data-e-type=\"section\">\n\t\t\t\t\t\t<div class=\"elementor-container elementor-column-gap-default\">\n\t\t\t\t\t<div class=\"elementor-column elementor-col-100 elementor-top-column elementor-element elementor-element-d2ea3ca\" data-id=\"d2ea3ca\" data-element_type=\"column\" data-e-type=\"column\">\n\t\t\t<div class=\"elementor-widget-wrap elementor-element-populated\">\n\t\t\t\t\t\t<div class=\"elementor-element elementor-element-76709c2c elementor-widget elementor-widget-text-editor\" data-id=\"76709c2c\" data-element_type=\"widget\" data-e-type=\"widget\" data-widget_type=\"text-editor.default\">\n\t\t\t\t<div class=\"elementor-widget-container\">\n\t\t\t\t\t\t\t\t\t\n<h2 class=\"wp-block-heading has-text-align-center\">Barrierefreiheitserkl\u00e4rung f\u00fcr https:\/\/www.burggartenpalais.de\/<\/h2>\n\n<p><strong>Burggartenpalais GbR Hotel \u2013 Restaurant \u2013 Caf\u00e9 \u2013 Weinstube<\/strong> setzt sich daf\u00fcr ein, die digitale Zug\u00e4nglichkeit f\u00fcr Menschen mit Behinderungen zu gew\u00e4hrleisten. Wir verbessern st\u00e4ndig die Benutzerfreundlichkeit f\u00fcr alle und wenden die einschl\u00e4gigen Barrierefreiheits-Standards an.<\/p>\n\n<h2 class=\"wp-block-heading\">Status der Konformit\u00e4t<\/h2>\n\n<p>Die Web Content Accessibility Guidelines (WCAG) definieren Anforderungen an Designer und Entwickler, um die Zug\u00e4nglichkeit f\u00fcr Menschen mit Behinderungen zu verbessern. Sie definieren drei Stufen der Konformit\u00e4t: Stufe A, Stufe AA und Stufe AAA.<\/p>\n\n<p><strong>Burggartenpalais GbR Hotel \u2013 Restaurant \u2013 Caf\u00e9 \u2013 Weinstube<\/strong> bem\u00fcht sich st\u00e4ndig um die Verbesserung der Zug\u00e4nglichkeit seiner Website und seiner Dienste in der \u00dcberzeugung, dass es unsere kollektive moralische Verpflichtung ist, eine nahtlose, zug\u00e4ngliche und ungehinderte Nutzung f\u00fcr Menschen mit Behinderungen zu erm\u00f6glichen.<\/p>\n\n<p>Wir sind bestrebt, alle Seiten und Inhalte auf <strong>https:\/\/www.burggartenpalais.de\/<\/strong> zug\u00e4nglich zu machen, aber es kann sein, dass einige Inhalte noch nicht vollst\u00e4ndig den h\u00f6chsten Barrierefreiheit-Standards entsprechen. Dies k\u00f6nnte darauf zur\u00fcckzuf\u00fchren sein, dass es schwierig ist, die am besten geeignete technische L\u00f6sung zu finden.<\/p>\n\n<p>Wir k\u00f6nnen diese Erkl\u00e4rung von Zeit zu Zeit \u00fcberarbeiten, um Verbesserungen oder \u00c4nderungen an unseren Barrierefreiheitspraktiken zu ber\u00fccksichtigen.<\/p>\n\n<h2 class=\"wp-block-heading\">Feedback<\/h2>\n\n<p>Wir freuen uns \u00fcber dein Feedback zur Barrierefreiheit der <strong>Burggartenpalais GbR Hotel \u2013 Restaurant \u2013 Caf\u00e9 \u2013 Weinstube<\/strong>-Website. Bitte teile uns mit, wenn du auf unserer Website auf Zug\u00e4nglichkeitsbarrieren st\u00f6\u00dft:<\/p>\n\n<p>E-Mail: <strong>info@burggartenpalais.de<\/strong><\/p>\n\n<p>Wir versuchen, innerhalb von 3-5 Werktagen auf R\u00fcckmeldungen zu reagieren.<\/p>\n\n<p>Diese Erkl\u00e4rung wurde am 4.3.2026 erstellt.<\/p>\n\t\t\t\t\t\t\t\t<\/div>\n\t\t\t\t<\/div>\n\t\t\t\t\t<\/div>\n\t\t<\/div>\n\t\t\t\t\t<\/div>\n\t\t<\/section>\n\t\t\t\t<\/div>","protected":false},"excerpt":{"rendered":"<p>Barrierefreiheitserkl\u00e4rung f\u00fcr https:\/\/www.burggartenpalais.de\/ Burggartenpalais GbR Hotel \u2013 Restaurant \u2013 Caf\u00e9 \u2013 Weinstube setzt sich daf\u00fcr ein, die digitale Zug\u00e4nglichkeit f\u00fcr Menschen mit Behinderungen zu gew\u00e4hrleisten. Wir verbessern st\u00e4ndig die Benutzerfreundlichkeit f\u00fcr alle und wenden die einschl\u00e4gigen Barrierefreiheits-Standards an. Status der Konformit\u00e4t Die Web Content Accessibility Guidelines (WCAG) definieren Anforderungen an Designer und Entwickler, um die [&hellip;]<\/p>\n","protected":false},"author":2,"featured_media":0,"parent":0,"menu_order":0,"comment_status":"closed","ping_status":"closed","template":"","meta":{"footnotes":""},"class_list":["post-19027","page","type-page","status-publish","hentry"],"yoast_head":"<!-- This site is optimized with the Yoast SEO plugin v27.4 - https:\/\/yoast.com\/product\/yoast-seo-wordpress\/ -->\n<title>Erkl\u00e4rung zur Barrierefreiheit - Hotel Burggartenpalais<\/title>\n<meta name=\"robots\" content=\"index, follow, max-snippet:-1, max-image-preview:large, max-video-preview:-1\" \/>\n<link rel=\"canonical\" href=\"https:\/\/www.burggartenpalais.de\/en\/accessibility-statement\/\" \/>\n<meta property=\"og:locale\" content=\"en_GB\" \/>\n<meta property=\"og:type\" content=\"article\" \/>\n<meta property=\"og:title\" content=\"Erkl\u00e4rung zur Barrierefreiheit - Hotel Burggartenpalais\" \/>\n<meta property=\"og:description\" content=\"Barrierefreiheitserkl\u00e4rung f\u00fcr https:\/\/www.burggartenpalais.de\/ Burggartenpalais GbR Hotel \u2013 Restaurant \u2013 Caf\u00e9 \u2013 Weinstube setzt sich daf\u00fcr ein, die digitale Zug\u00e4nglichkeit f\u00fcr Menschen mit Behinderungen zu gew\u00e4hrleisten. Wir verbessern st\u00e4ndig die Benutzerfreundlichkeit f\u00fcr alle und wenden die einschl\u00e4gigen Barrierefreiheits-Standards an. Status der Konformit\u00e4t Die Web Content Accessibility Guidelines (WCAG) definieren Anforderungen an Designer und Entwickler, um die [&hellip;]\" \/>\n<meta property=\"og:url\" content=\"https:\/\/www.burggartenpalais.de\/en\/accessibility-statement\/\" \/>\n<meta property=\"og:site_name\" content=\"Hotel Burggartenpalais\" \/>\n<meta property=\"article:modified_time\" content=\"2026-03-04T08:30:09+00:00\" \/>\n<meta name=\"twitter:card\" content=\"summary_large_image\" \/>\n<meta name=\"twitter:label1\" content=\"Estimated reading time\" \/>\n\t<meta name=\"twitter:data1\" content=\"2 minutes\" \/>\n<script type=\"application\/ld+json\" class=\"yoast-schema-graph\">{\"@context\":\"https:\\\/\\\/schema.org\",\"@graph\":[{\"@type\":\"WebPage\",\"@id\":\"https:\\\/\\\/www.burggartenpalais.de\\\/accessibility-statement\\\/\",\"url\":\"https:\\\/\\\/www.burggartenpalais.de\\\/accessibility-statement\\\/\",\"name\":\"Erkl\u00e4rung zur Barrierefreiheit - Hotel Burggartenpalais\",\"isPartOf\":{\"@id\":\"https:\\\/\\\/www.burggartenpalais.de\\\/#website\"},\"datePublished\":\"2026-03-04T08:26:01+00:00\",\"dateModified\":\"2026-03-04T08:30:09+00:00\",\"breadcrumb\":{\"@id\":\"https:\\\/\\\/www.burggartenpalais.de\\\/accessibility-statement\\\/#breadcrumb\"},\"inLanguage\":\"en-GB\",\"potentialAction\":[{\"@type\":\"ReadAction\",\"target\":[\"https:\\\/\\\/www.burggartenpalais.de\\\/accessibility-statement\\\/\"]}]},{\"@type\":\"BreadcrumbList\",\"@id\":\"https:\\\/\\\/www.burggartenpalais.de\\\/accessibility-statement\\\/#breadcrumb\",\"itemListElement\":[{\"@type\":\"ListItem\",\"position\":1,\"name\":\"Startseite\",\"item\":\"https:\\\/\\\/www.burggartenpalais.de\\\/\"},{\"@type\":\"ListItem\",\"position\":2,\"name\":\"Erkl\u00e4rung zur Barrierefreiheit\"}]},{\"@type\":\"WebSite\",\"@id\":\"https:\\\/\\\/www.burggartenpalais.de\\\/#website\",\"url\":\"https:\\\/\\\/www.burggartenpalais.de\\\/\",\"name\":\"Hotel Burggartenpalais\",\"description\":\"Das feine Hotel am Burggarten\",\"publisher\":{\"@id\":\"https:\\\/\\\/www.burggartenpalais.de\\\/#organization\"},\"potentialAction\":[{\"@type\":\"SearchAction\",\"target\":{\"@type\":\"EntryPoint\",\"urlTemplate\":\"https:\\\/\\\/www.burggartenpalais.de\\\/?s={search_term_string}\"},\"query-input\":{\"@type\":\"PropertyValueSpecification\",\"valueRequired\":true,\"valueName\":\"search_term_string\"}}],\"inLanguage\":\"en-GB\"},{\"@type\":\"Organization\",\"@id\":\"https:\\\/\\\/www.burggartenpalais.de\\\/#organization\",\"name\":\"Hotel Burggartenpalais\",\"url\":\"https:\\\/\\\/www.burggartenpalais.de\\\/\",\"logo\":{\"@type\":\"ImageObject\",\"inLanguage\":\"en-GB\",\"@id\":\"https:\\\/\\\/www.burggartenpalais.de\\\/#\\\/schema\\\/logo\\\/image\\\/\",\"url\":\"https:\\\/\\\/www.burggartenpalais.de\\\/wp-content\\\/uploads\\\/2020\\\/04\\\/burggartenpalais_logo.png\",\"contentUrl\":\"https:\\\/\\\/www.burggartenpalais.de\\\/wp-content\\\/uploads\\\/2020\\\/04\\\/burggartenpalais_logo.png\",\"width\":567,\"height\":168,\"caption\":\"Hotel Burggartenpalais\"},\"image\":{\"@id\":\"https:\\\/\\\/www.burggartenpalais.de\\\/#\\\/schema\\\/logo\\\/image\\\/\"}}]}<\/script>\n<!-- \/ Yoast SEO plugin. -->","yoast_head_json":{"title":"Erkl\u00e4rung zur Barrierefreiheit - Hotel Burggartenpalais","robots":{"index":"index","follow":"follow","max-snippet":"max-snippet:-1","max-image-preview":"max-image-preview:large","max-video-preview":"max-video-preview:-1"},"canonical":"https:\/\/www.burggartenpalais.de\/en\/accessibility-statement\/","og_locale":"en_GB","og_type":"article","og_title":"Erkl\u00e4rung zur Barrierefreiheit - Hotel Burggartenpalais","og_description":"Barrierefreiheitserkl\u00e4rung f\u00fcr https:\/\/www.burggartenpalais.de\/ Burggartenpalais GbR Hotel \u2013 Restaurant \u2013 Caf\u00e9 \u2013 Weinstube setzt sich daf\u00fcr ein, die digitale Zug\u00e4nglichkeit f\u00fcr Menschen mit Behinderungen zu gew\u00e4hrleisten. Wir verbessern st\u00e4ndig die Benutzerfreundlichkeit f\u00fcr alle und wenden die einschl\u00e4gigen Barrierefreiheits-Standards an. Status der Konformit\u00e4t Die Web Content Accessibility Guidelines (WCAG) definieren Anforderungen an Designer und Entwickler, um die [&hellip;]","og_url":"https:\/\/www.burggartenpalais.de\/en\/accessibility-statement\/","og_site_name":"Hotel Burggartenpalais","article_modified_time":"2026-03-04T08:30:09+00:00","twitter_card":"summary_large_image","twitter_misc":{"Estimated reading time":"2 minutes"},"schema":{"@context":"https:\/\/schema.org","@graph":[{"@type":"WebPage","@id":"https:\/\/www.burggartenpalais.de\/accessibility-statement\/","url":"https:\/\/www.burggartenpalais.de\/accessibility-statement\/","name":"Erkl\u00e4rung zur Barrierefreiheit - Hotel Burggartenpalais","isPartOf":{"@id":"https:\/\/www.burggartenpalais.de\/#website"},"datePublished":"2026-03-04T08:26:01+00:00","dateModified":"2026-03-04T08:30:09+00:00","breadcrumb":{"@id":"https:\/\/www.burggartenpalais.de\/accessibility-statement\/#breadcrumb"},"inLanguage":"en-GB","potentialAction":[{"@type":"ReadAction","target":["https:\/\/www.burggartenpalais.de\/accessibility-statement\/"]}]},{"@type":"BreadcrumbList","@id":"https:\/\/www.burggartenpalais.de\/accessibility-statement\/#breadcrumb","itemListElement":[{"@type":"ListItem","position":1,"name":"Startseite","item":"https:\/\/www.burggartenpalais.de\/"},{"@type":"ListItem","position":2,"name":"Erkl\u00e4rung zur Barrierefreiheit"}]},{"@type":"WebSite","@id":"https:\/\/www.burggartenpalais.de\/#website","url":"https:\/\/www.burggartenpalais.de\/","name":"Hotel Burggartenpalais","description":"The fine hotel at the Burggarten","publisher":{"@id":"https:\/\/www.burggartenpalais.de\/#organization"},"potentialAction":[{"@type":"SearchAction","target":{"@type":"EntryPoint","urlTemplate":"https:\/\/www.burggartenpalais.de\/?s={search_term_string}"},"query-input":{"@type":"PropertyValueSpecification","valueRequired":true,"valueName":"search_term_string"}}],"inLanguage":"en-GB"},{"@type":"Organization","@id":"https:\/\/www.burggartenpalais.de\/#organization","name":"Hotel Burggartenpalais","url":"https:\/\/www.burggartenpalais.de\/","logo":{"@type":"ImageObject","inLanguage":"en-GB","@id":"https:\/\/www.burggartenpalais.de\/#\/schema\/logo\/image\/","url":"https:\/\/www.burggartenpalais.de\/wp-content\/uploads\/2020\/04\/burggartenpalais_logo.png","contentUrl":"https:\/\/www.burggartenpalais.de\/wp-content\/uploads\/2020\/04\/burggartenpalais_logo.png","width":567,"height":168,"caption":"Hotel Burggartenpalais"},"image":{"@id":"https:\/\/www.burggartenpalais.de\/#\/schema\/logo\/image\/"}}]}},"_links":{"self":[{"href":"https:\/\/www.burggartenpalais.de\/en\/wp-json\/wp\/v2\/pages\/19027","targetHints":{"allow":["GET"]}}],"collection":[{"href":"https:\/\/www.burggartenpalais.de\/en\/wp-json\/wp\/v2\/pages"}],"about":[{"href":"https:\/\/www.burggartenpalais.de\/en\/wp-json\/wp\/v2\/types\/page"}],"author":[{"embeddable":true,"href":"https:\/\/www.burggartenpalais.de\/en\/wp-json\/wp\/v2\/users\/2"}],"replies":[{"embeddable":true,"href":"https:\/\/www.burggartenpalais.de\/en\/wp-json\/wp\/v2\/comments?post=19027"}],"version-history":[{"count":13,"href":"https:\/\/www.burggartenpalais.de\/en\/wp-json\/wp\/v2\/pages\/19027\/revisions"}],"predecessor-version":[{"id":19040,"href":"https:\/\/www.burggartenpalais.de\/en\/wp-json\/wp\/v2\/pages\/19027\/revisions\/19040"}],"wp:attachment":[{"href":"https:\/\/www.burggartenpalais.de\/en\/wp-json\/wp\/v2\/media?parent=19027"}],"curies":[{"name":"wp","href":"https:\/\/api.w.org\/{rel}","templated":true}]}}